{"id":6,"date":"2020-11-27T10:59:40","date_gmt":"2020-11-27T10:59:40","guid":{"rendered":"http:\/\/wantedo.de\/?page_id=6"},"modified":"2020-11-27T11:01:20","modified_gmt":"2020-11-27T11:01:20","slug":"das-neue-museum-oeffnet-seine-tueren-2","status":"publish","type":"page","link":"https:\/\/wantedo.de\/en\/das-neue-museum-oeffnet-seine-tueren-2\/","title":{"rendered":"Hier entsteht eine neue Seite"},"content":{"rendered":"<div class=\"wp-block-group alignwide\"><div class=\"wp-block-group__inner-container is-layout-flow wp-block-group-is-layout-flow\">\n<h2 class=\"has-text-align-center wp-block-heading\">Besuchen Sie uns bald wieder .<\/h2>\n<\/div><\/div>\n\n\n\n<div class=\"wp-block-columns alignwide is-layout-flex wp-container-core-columns-is-layout-9d6595d7 wp-block-columns-is-layout-flex\">\n<div class=\"wp-block-column is-layout-flow wp-block-column-is-layout-flow\">\n<div class=\"wp-block-group\"><div class=\"wp-block-group__inner-container is-layout-flow wp-block-group-is-layout-flow\">\n<figure class=\"wp-block-image alignfull size-full\"><img decoding=\"async\" src=\"http:\/\/wantedo.de\/wp-content\/themes\/twentytwenty\/assets\/images\/2020-three-quarters-1.png\" alt=\"\" class=\"wp-image-37\"\/><\/figure>\n\n\n\n<h3 class=\"wp-block-heading\">Werke und Tage<\/h3>\n\n\n\n<p>1. August \u2013 1. Dezember<\/p>\n\n\n\n<div class=\"wp-block-button is-style-outline is-style-outline--1\"><a class=\"wp-block-button__link\" href=\"https:\/\/make.wordpress.org\/core\/2019\/09\/27\/block-editor-theme-related-updates-in-wordpress-5-3\/\">Weiterlesen<\/a><\/div>\n<\/div><\/div>\n\n\n\n<div class=\"wp-block-group\"><div class=\"wp-block-group__inner-container is-layout-flow wp-block-group-is-layout-flow\">\n<figure class=\"wp-block-image alignfull size-full\"><img decoding=\"async\" src=\"http:\/\/wantedo.de\/wp-content\/themes\/twentytwenty\/assets\/images\/2020-three-quarters-3.png\" alt=\"\" class=\"wp-image-37\"\/><\/figure>\n\n\n\n<h3 class=\"wp-block-heading\">Kreative Schaupl\u00e4tze<\/h3>\n\n\n\n<p>1. Oktober \u2013 1. Dezember<\/p>\n\n\n\n<div class=\"wp-block-button is-style-outline is-style-outline--2\"><a class=\"wp-block-button__link\" href=\"https:\/\/make.wordpress.org\/core\/2019\/09\/27\/block-editor-theme-related-updates-in-wordpress-5-3\/\">Weiterlesen<\/a><\/div>\n<\/div><\/div>\n<\/div>\n\n\n\n<div class=\"wp-block-column is-layout-flow wp-block-column-is-layout-flow\">\n<div class=\"wp-block-group\"><div class=\"wp-block-group__inner-container is-layout-flow wp-block-group-is-layout-flow\">\n<figure class=\"wp-block-image alignfull size-full\"><img decoding=\"async\" src=\"http:\/\/wantedo.de\/wp-content\/themes\/twentytwenty\/assets\/images\/2020-three-quarters-2.png\" alt=\"\" class=\"wp-image-37\"\/><\/figure>\n\n\n\n<h3 class=\"wp-block-heading\">Leben und leben lassen<\/h3>\n\n\n\n<p>1. August \u2013 1. Dezember<\/p>\n\n\n\n<div class=\"wp-block-button is-style-outline is-style-outline--3\"><a class=\"wp-block-button__link\" href=\"https:\/\/make.wordpress.org\/core\/2019\/09\/27\/block-editor-theme-related-updates-in-wordpress-5-3\/\">Weiterlesen<\/a><\/div>\n<\/div><\/div>\n\n\n\n<div class=\"wp-block-group\"><div class=\"wp-block-group__inner-container is-layout-flow wp-block-group-is-layout-flow\">\n<figure class=\"wp-block-image alignfull size-full\"><img decoding=\"async\" src=\"http:\/\/wantedo.de\/wp-content\/themes\/twentytwenty\/assets\/images\/2020-three-quarters-4.png\" alt=\"\" class=\"wp-image-37\"\/><\/figure>\n\n\n\n<h3 class=\"wp-block-heading\">Von Signac bis Matisse<\/h3>\n\n\n\n<p>1. Oktober \u2013 1. Dezember<\/p>\n\n\n\n<div class=\"wp-block-button is-style-outline is-style-outline--4\"><a class=\"wp-block-button__link\" href=\"https:\/\/make.wordpress.org\/core\/2019\/09\/27\/block-editor-theme-related-updates-in-wordpress-5-3\/\">Weiterlesen<\/a><\/div>\n<\/div><\/div>\n<\/div>\n<\/div>\n\n\n\n<figure class=\"wp-block-image alignfull size-full\"><img decoding=\"async\" src=\"http:\/\/wantedo.de\/wp-content\/themes\/twentytwenty\/assets\/images\/2020-landscape-2.png\" alt=\"\" class=\"wp-image-37\"\/><\/figure>\n\n\n\n<div class=\"wp-block-group alignwide\"><div class=\"wp-block-group__inner-container is-layout-flow wp-block-group-is-layout-flow\">\n<h2 class=\"has-text-align-center has-accent-color has-text-color wp-block-heading\">\u201cCyborgs, as the philosopher Donna Haraway established, are not reverent. They do not remember the cosmos.\u201d<\/h2>\n<\/div><\/div>\n\n\n\n<p class=\"has-drop-cap\">Auf sieben Etagen beeindruckender Architektur zeigt das neue Museum diverse Ausstellungen internationaler und zeitgen\u00f6ssischer Kunst, teilweise im Rahmen kunsthistorischer Retrospektiven. Existenzielle, politische und philosophische Fragen sind Bestandteil unseres Programms. Unsere Besucher sind herzlich eingeladen zu F\u00fchrungen, K\u00fcnstlergespr\u00e4chen, Vortr\u00e4gen, Filmvorf\u00fchrungen und anderen Veranstaltungen mit teils freiem Eintritt.<\/p>\n\n\n\n<p>Die Ausstellungen werden vom \u201eMuseum der Zukunft\u201c in Zusammenarbeit mit K\u00fcnstlern und Museen auf der ganzen Welt produziert und finden oft internationale Anerkennung. Das Museum wurde vom Europ\u00e4ischen Museum des Jahres mit einer besonderen Auszeichnung gew\u00fcrdigt und geh\u00f6rte zu den Spitzenkandidaten f\u00fcr den schwedischen Museum of the Year Award, sowie f\u00fcr den Museumspreis des Europarates.<\/p>\n\n\n\n<p><\/p>\n\n\n\n<div class=\"wp-block-group alignwide has-background\" style=\"background-color:#ffffff\"><div class=\"wp-block-group__inner-container is-layout-flow wp-block-group-is-layout-flow\">\n<div class=\"wp-block-group\"><div class=\"wp-block-group__inner-container is-layout-flow wp-block-group-is-layout-flow\">\n<h2 class=\"has-text-align-center wp-block-heading\">Werden Sie Mitglied und erhalten Sie exklusive Angebote!<\/h2>\n\n\n\n<p class=\"has-text-align-center\">Alle Mitglieder erhalten Zugang zu exklusiven Ausstellungen und Angeboten. Die Mitgliedschaft kostet 99.99&nbsp;\u20ac und wird j\u00e4hrlich abgerechnet.<\/p>\n\n\n\n<div class=\"wp-block-button aligncenter\"><a class=\"wp-block-button__link\" href=\"https:\/\/make.wordpress.org\/core\/2019\/09\/27\/block-editor-theme-related-updates-in-wordpress-5-3\/\">Mitglied werden<\/a><\/div>\n<\/div><\/div>\n<\/div><\/div>\n\n\n\n<figure class=\"wp-block-gallery alignwide columns-2 is-cropped wp-block-gallery-5 is-layout-flex wp-block-gallery-is-layout-flex\"><ul class=\"blocks-gallery-grid\"><li class=\"blocks-gallery-item\"><figure><img decoding=\"async\" src=\"http:\/\/wantedo.de\/wp-content\/themes\/twentytwenty\/assets\/images\/2020-square-2.png\" alt=\"\" data-id=\"39\" data-full-url=\"http:\/\/wantedo.de\/wp-content\/themes\/twentytwenty\/assets\/images\/2020-square-2.png\" data-link=\"assets\/images\/2020-square-2\/\" class=\"wp-image-39\"\/><\/figure><\/li><li class=\"blocks-gallery-item\"><figure><img decoding=\"async\" src=\"http:\/\/wantedo.de\/wp-content\/themes\/twentytwenty\/assets\/images\/2020-square-1.png\" alt=\"\" data-id=\"38\" data-full-url=\"http:\/\/wantedo.de\/wp-content\/themes\/twentytwenty\/assets\/images\/2020-square-1.png\" data-link=\"http:\/\/wantedo.de\/wp-content\/themes\/twentytwenty\/assets\/images\/2020-square-1\/\" class=\"wp-image-38\"\/><\/figure><\/li><\/ul><\/figure>","protected":false},"excerpt":{"rendered":"<p>Besuchen Sie uns bald wieder . Werke und Tage 1. August \u2013 1. Dezember Kreative Schaupl\u00e4tze 1. Oktober \u2013 1. Dezember Leben und leben lassen 1. August \u2013 1. Dezember Von Signac bis Matisse 1. Oktober \u2013 1. Dezember \u201cCyborgs, as the philosopher Donna Haraway established, are not reverent. They do not remember the cosmos.\u201d [&hellip;]<\/p>\n","protected":false},"author":1,"featured_media":5,"parent":0,"menu_order":0,"comment_status":"closed","ping_status":"closed","template":"","meta":{"footnotes":""},"class_list":["post-6","page","type-page","status-publish","has-post-thumbnail","hentry"],"_links":{"self":[{"href":"https:\/\/wantedo.de\/en\/wp-json\/wp\/v2\/pages\/6","targetHints":{"allow":["GET"]}}],"collection":[{"href":"https:\/\/wantedo.de\/en\/wp-json\/wp\/v2\/pages"}],"about":[{"href":"https:\/\/wantedo.de\/en\/wp-json\/wp\/v2\/types\/page"}],"author":[{"embeddable":true,"href":"https:\/\/wantedo.de\/en\/wp-json\/wp\/v2\/users\/1"}],"replies":[{"embeddable":true,"href":"https:\/\/wantedo.de\/en\/wp-json\/wp\/v2\/comments?post=6"}],"version-history":[{"count":2,"href":"https:\/\/wantedo.de\/en\/wp-json\/wp\/v2\/pages\/6\/revisions"}],"predecessor-version":[{"id":29,"href":"https:\/\/wantedo.de\/en\/wp-json\/wp\/v2\/pages\/6\/revisions\/29"}],"wp:featuredmedia":[{"embeddable":true,"href":"https:\/\/wantedo.de\/en\/wp-json\/wp\/v2\/media\/5"}],"wp:attachment":[{"href":"https:\/\/wantedo.de\/en\/wp-json\/wp\/v2\/media?parent=6"}],"curies":[{"name":"wp","href":"https:\/\/api.w.org\/{rel}","templated":true}]}}