{"id":2693,"date":"2020-11-27T17:52:54","date_gmt":"2020-11-27T17:52:54","guid":{"rendered":"http:\/\/wantedo.de\/?page_id=2693"},"modified":"2021-07-19T10:24:19","modified_gmt":"2021-07-19T10:24:19","slug":"wie-funktioniert-es","status":"publish","type":"page","link":"https:\/\/wantedo.de\/en\/","title":{"rendered":"Wie funktioniert es?"},"content":{"rendered":"<p><strong>Wantedo.de ist ein einzigartiges Such-Netzwerk!<br \/>\n<a href=\"https:\/\/wantedo.de\/questions\/\">Denn Jeder ist auf der Such nach etwas!<\/a><\/strong><\/p>\n<p>Auf Wantedo.de k\u00f6nnen User auf einfache Art Ausschreibungen starten bzw. eine Sucheanfrage augeben.<br \/>\nAnbieter, H\u00e4ndler, Dienstleister und Spezialisten k\u00f6nnen auf die Such-Anfragen antworten und Angebote abgeben.<\/p>\n<h2><strong>Jeder ist auf der Suche nach etwas !<\/strong><\/h2>\n<ul>\n<li>Du bist Sammler und suchst nach seltenen Sammelst\u00fccke?<\/li>\n<li>Du suchst Angebote auf einen speziellen Reisewunsch?<\/li>\n<li>Du suchst eine Immobilie oder Deine Traumhaus ?<\/li>\n<li>Du brauchst Hilfe und suchst geeignete Handwerker oder Dienstleiser?<\/li>\n<li>Du suchst Teilnehmer zu einer Freizeitbesch\u00e4ftigung?<\/li>\n<li>Oder die fehlen Teile zu einer Maschine?<\/li>\n<li><strong>Egal was Du suchst, Du kannst es hier kostenlos eintragen.<\/strong><\/li>\n<\/ul>\n<p>Anbieter k\u00f6nnen auf die einzelnen Suchanfragen antworten und Ihre Angebote abgeben.<br \/>\nDer Anfragesteller kann das passende Angebot ausw\u00e4hlen und den Anbieter direkt kontaktieren.<br \/>\nDer Kontakt kommt direkt mit dem Anbieter zustande!\u00a0 Es werden keine Provisionen oder Geb\u00fchren verlangt.<\/p>\n<p>Der Anfragesteller braucht nicht mehr m\u00fchevoll und zeitaufwendig nach entsprechenden Anbieter suchen.<br \/>\nEs werden nach und nach direkt Angebote zur Anfrage abgegeben.<br \/>\nWantedo.de bietet eine einfache \u00dcbersicht und schnelle Auswahl des passenden Anbieters.<\/p>\n<p><a href=\"https:\/\/wantedo.de\/questions\/\" target=\"_blank\" rel=\"noopener\"><strong>Hier findest Du aktuelle Such-Anfragen<\/strong><\/a><\/p>\n<p>&nbsp;<\/p>\n<p><a href=\"https:\/\/wantedo.de\/login-2\/\"><strong>Registriere Dich hier kostenlos und starte jetzt dene Ausschreibung!\u00a0\u00a0<\/strong><\/a><\/p>\n<p>&nbsp;<\/p>\n<h2><strong>F\u00fcr Anbieter:<\/strong><\/h2>\n<p>Anbieter und H\u00e4ndler finden auf Wantedo.de schnell neue Kunden.<br \/>\nAnbieter k\u00f6nnen die Suchanfragen durchst\u00f6bern und auf betreffende Anfragen Angebote abgeben.<br \/>\nDer Suchende kann sich dann direkt mit dem Anbieter in Verbindung setzen.<br \/>\nWantedo.de nimmt keinerlei Provision oder Geb\u00fchren.<\/p>\n<p><a href=\"https:\/\/wantedo.de\/login-2\/\"><strong>Registriere Dich nun kostenlos und gib Angebote auf Anfragen ab!<\/strong><\/a><\/p>\n<p>&nbsp;<\/p>\n<h2>FAQ<\/h2>\n<p><a href=\"https:\/\/wantedo.de\/faqs\/\"><strong>Hier findest Du Antworten auf h\u00e4ufig gesellte Fragen.<\/strong> <\/a><\/p>\n<p>Wantedo.de wurde geschaffen um Allen die M\u00f6glichkeit zu geben auf einfache Art Ausschreibungen zu starten bzw. eine Sucheanfrage aufzugeben.<\/p>\n<p>&nbsp;<\/p>","protected":false},"excerpt":{"rendered":"<p>Wantedo.de ist ein einzigartiges Such-Netzwerk! Denn Jeder ist auf der Such nach etwas! Auf Wantedo.de k\u00f6nnen User auf einfache Art Ausschreibungen starten bzw. eine Sucheanfrage augeben. Anbieter, H\u00e4ndler, Dienstleister und Spezialisten k\u00f6nnen auf die Such-Anfragen antworten und Angebote abgeben. Jeder ist auf der Suche nach etwas ! Du bist Sammler und suchst nach seltenen Sammelst\u00fccke? [&hellip;]<\/p>\n","protected":false},"author":1,"featured_media":0,"parent":0,"menu_order":0,"comment_status":"closed","ping_status":"closed","template":"","meta":{"footnotes":""},"class_list":["post-2693","page","type-page","status-publish","hentry"],"_links":{"self":[{"href":"https:\/\/wantedo.de\/en\/wp-json\/wp\/v2\/pages\/2693","targetHints":{"allow":["GET"]}}],"collection":[{"href":"https:\/\/wantedo.de\/en\/wp-json\/wp\/v2\/pages"}],"about":[{"href":"https:\/\/wantedo.de\/en\/wp-json\/wp\/v2\/types\/page"}],"author":[{"embeddable":true,"href":"https:\/\/wantedo.de\/en\/wp-json\/wp\/v2\/users\/1"}],"replies":[{"embeddable":true,"href":"https:\/\/wantedo.de\/en\/wp-json\/wp\/v2\/comments?post=2693"}],"version-history":[{"count":9,"href":"https:\/\/wantedo.de\/en\/wp-json\/wp\/v2\/pages\/2693\/revisions"}],"predecessor-version":[{"id":2898,"href":"https:\/\/wantedo.de\/en\/wp-json\/wp\/v2\/pages\/2693\/revisions\/2898"}],"wp:attachment":[{"href":"https:\/\/wantedo.de\/en\/wp-json\/wp\/v2\/media?parent=2693"}],"curies":[{"name":"wp","href":"https:\/\/api.w.org\/{rel}","templated":true}]}}